{"id":1654,"date":"2022-06-27T17:48:10","date_gmt":"2022-06-27T15:48:10","guid":{"rendered":"https:\/\/ppc-montpellier.com\/?page_id=1654"},"modified":"2025-08-26T15:21:48","modified_gmt":"2025-08-26T13:21:48","slug":"your-project","status":"publish","type":"page","link":"https:\/\/ppc-montpellier.com\/index.php\/services\/your-project\/","title":{"rendered":"Your project"},"content":{"rendered":"<p>[et_pb_section fb_built=&#8221;1&#8243; fullwidth=&#8221;on&#8221; _builder_version=&#8221;4.16&#8243; global_colors_info=&#8221;{}&#8221;][et_pb_fullwidth_header title=&#8221;Your projet&#8221; _builder_version=&#8221;4.16&#8243; title_font=&#8221;Verdana|700|||||||&#8221; title_font_size=&#8221;48px&#8221; content_font=&#8221;Verdana||||||||&#8221; content_font_size=&#8221;16px&#8221; subhead_font=&#8221;Verdana||||||||&#8221; subhead_font_size=&#8221;16px&#8221; background_image=&#8221;https:\/\/ppc-montpellier.com\/wp-content\/uploads\/2019\/10\/Shimadzu-02.jpg&#8221; global_colors_info=&#8221;{}&#8221;][\/et_pb_fullwidth_header][\/et_pb_section][et_pb_section fb_built=&#8221;1&#8243; _builder_version=&#8221;4.16&#8243; use_background_color_gradient=&#8221;on&#8221; background_color_gradient_direction=&#8221;90deg&#8221; background_color_gradient_stops=&#8221;#f2f4fb 60%|rgba(255,255,255,0) 60%&#8221; background_color_gradient_start=&#8221;#f2f4fb&#8221; background_color_gradient_start_position=&#8221;60%&#8221; background_color_gradient_end=&#8221;rgba(255,255,255,0)&#8221; background_color_gradient_end_position=&#8221;60%&#8221; global_colors_info=&#8221;{}&#8221;][et_pb_row _builder_version=&#8221;4.16&#8243; global_colors_info=&#8221;{}&#8221;][et_pb_column type=&#8221;4_4&#8243; _builder_version=&#8221;4.16&#8243; custom_padding=&#8221;|||&#8221; global_colors_info=&#8221;{}&#8221; custom_padding__hover=&#8221;|||&#8221;][et_pb_image src=&#8221;https:\/\/ppc-montpellier.com\/wp-content\/uploads\/2022\/06\/Workflow-PPC.png&#8221; align=&#8221;center&#8221; align_tablet=&#8221;center&#8221; align_last_edited=&#8221;on|desktop&#8221; _builder_version=&#8221;4.16&#8243; max_width=&#8221;75%&#8221; global_colors_info=&#8221;{}&#8221; align_phone=&#8221;center&#8221;][\/et_pb_image][\/et_pb_column][\/et_pb_row][\/et_pb_section][et_pb_section fb_built=&#8221;1&#8243; _builder_version=&#8221;4.16&#8243; use_background_color_gradient=&#8221;on&#8221; background_color_gradient_direction=&#8221;45deg&#8221; background_color_gradient_stops=&#8221;#182743 0%|#27364F 100%&#8221; background_color_gradient_start=&#8221;#182743&#8243; background_color_gradient_end=&#8221;#27364F&#8221; custom_padding=&#8221;0|0px|64px|0px|false|false&#8221; global_colors_info=&#8221;{}&#8221;][et_pb_row _builder_version=&#8221;4.16&#8243; background_color=&#8221;#ffffff&#8221; global_colors_info=&#8221;{}&#8221; column_structure=&#8221;1_2,1_4,1_4&#8243;][et_pb_column type=&#8221;1_2&#8243; _builder_version=&#8221;4.16&#8243; custom_padding=&#8221;|||&#8221; global_colors_info=&#8221;{}&#8221; custom_padding__hover=&#8221;|||&#8221;][et_pb_image src=&#8221;https:\/\/ppc-montpellier.com\/wp-content\/uploads\/2021\/11\/IMG_20210608_141054-2-e1639058464418.jpg&#8221; align_tablet=&#8221;center&#8221; align_last_edited=&#8221;on|desktop&#8221; _builder_version=&#8221;4.16&#8243; max_width=&#8221;80%&#8221; module_alignment=&#8221;center&#8221; custom_padding=&#8221;|1px||30px&#8221; global_colors_info=&#8221;{}&#8221; align_phone=&#8221;center&#8221;][\/et_pb_image][\/et_pb_column][et_pb_column type=&#8221;1_4&#8243; _builder_version=&#8221;4.16&#8243; custom_padding=&#8221;|||&#8221; global_colors_info=&#8221;{}&#8221; custom_padding__hover=&#8221;|||&#8221;][et_pb_text _builder_version=&#8221;4.16&#8243; text_font=&#8221;Verdana||||||||&#8221; text_text_color=&#8221;#1E2D48&#8243; header_font=&#8221;||||||||&#8221; header_text_color=&#8221;#1E2D48&#8243; background_layout=&#8221;dark&#8221; global_colors_info=&#8221;{}&#8221;]<\/p>\n<h3><span style=\"color: #000000;\">Plateforme de Prot\u00e9omique Clinique<\/span><\/h3>\n<p>Institute for Regenerative Medicine &amp; Biotherapy (IRMB)<br \/> H\u00f4pital Saint Eloi<br \/> 80 rue Augustin Fliche<br \/> 34295 MONTPELLIER \u2013 Cedex 5<br \/> FRANCE<\/p>\n<p><a href=\"\/index.php\/contacts\/#plan\">Plan d\u2019acc\u00e8s<\/a><\/p>\n<p>[\/et_pb_text][\/et_pb_column][et_pb_column type=&#8221;1_4&#8243; _builder_version=&#8221;4.16&#8243; custom_padding=&#8221;|||&#8221; global_colors_info=&#8221;{}&#8221; custom_padding__hover=&#8221;|||&#8221;][et_pb_text _builder_version=&#8221;4.16&#8243; text_font=&#8221;Verdana||||||||&#8221; text_text_color=&#8221;#1E2D48&#8243; header_font=&#8221;||||||||&#8221; header_text_color=&#8221;#1E2D48&#8243; background_layout=&#8221;dark&#8221; global_colors_info=&#8221;{}&#8221;]<\/p>\n<h3><span style=\"color: #000000;\">Contact<\/span><\/h3>\n<p>T\u00e9l\u00e9phone : 04 67 33 04 20\u00a0<\/p>\n<p><a href=\"\/index.php\/contacts\/#mail\">Email<\/a><\/p>\n<p>[\/et_pb_text][\/et_pb_column][\/et_pb_row][\/et_pb_section]<\/p>\n","protected":false},"excerpt":{"rendered":"<p>Plateforme de Prot\u00e9omique Clinique Institute for Regenerative Medicine &amp; Biotherapy (IRMB) H\u00f4pital Saint Eloi 80 rue Augustin Fliche 34295 MONTPELLIER \u2013 Cedex 5 FRANCE Plan d\u2019acc\u00e8sContact T\u00e9l\u00e9phone : 04 67 33 04 20\u00a0 Email<\/p>\n","protected":false},"author":2,"featured_media":0,"parent":1644,"menu_order":0,"comment_status":"closed","ping_status":"closed","template":"","meta":{"_et_pb_use_builder":"on","_et_pb_old_content":"","_et_gb_content_width":"","footnotes":""},"class_list":["post-1654","page","type-page","status-publish","hentry"],"_links":{"self":[{"href":"https:\/\/ppc-montpellier.com\/index.php\/wp-json\/wp\/v2\/pages\/1654","targetHints":{"allow":["GET"]}}],"collection":[{"href":"https:\/\/ppc-montpellier.com\/index.php\/wp-json\/wp\/v2\/pages"}],"about":[{"href":"https:\/\/ppc-montpellier.com\/index.php\/wp-json\/wp\/v2\/types\/page"}],"author":[{"embeddable":true,"href":"https:\/\/ppc-montpellier.com\/index.php\/wp-json\/wp\/v2\/users\/2"}],"replies":[{"embeddable":true,"href":"https:\/\/ppc-montpellier.com\/index.php\/wp-json\/wp\/v2\/comments?post=1654"}],"version-history":[{"count":5,"href":"https:\/\/ppc-montpellier.com\/index.php\/wp-json\/wp\/v2\/pages\/1654\/revisions"}],"predecessor-version":[{"id":2653,"href":"https:\/\/ppc-montpellier.com\/index.php\/wp-json\/wp\/v2\/pages\/1654\/revisions\/2653"}],"up":[{"embeddable":true,"href":"https:\/\/ppc-montpellier.com\/index.php\/wp-json\/wp\/v2\/pages\/1644"}],"wp:attachment":[{"href":"https:\/\/ppc-montpellier.com\/index.php\/wp-json\/wp\/v2\/media?parent=1654"}],"curies":[{"name":"wp","href":"https:\/\/api.w.org\/{rel}","templated":true}]}}